{"id":1517,"date":"2020-04-20T16:58:19","date_gmt":"2020-04-20T14:58:19","guid":{"rendered":"http:\/\/www.valyans.com\/?page_id=1517"},"modified":"2022-11-17T16:35:50","modified_gmt":"2022-11-17T15:35:50","slug":"offre-digitale","status":"publish","type":"page","link":"https:\/\/www.valyans.com\/en\/nos-expertises\/vous-accompagner-surmonter-crise\/offre-digitale\/","title":{"rendered":"Offre Digitale"},"content":{"rendered":"<section class=\"l-section wpb_row height_huge with_img\"><div class=\"l-section-img\" style=\"background-image: url(https:\/\/www.valyans.com\/wp-content\/uploads\/2020\/04\/shutterstock_1689338008-1.jpg);\" data-img-width=\"2000\" data-img-height=\"1333\"><\/div><div class=\"l-section-h i-cf\"><div class=\"g-cols vc_row via_grid cols_1 laptops-cols_inherit tablets-cols_inherit mobiles-cols_1 valign_top type_default stacking_default\"><div class=\"wpb_column vc_column_container\"><div class=\"vc_column-inner\"><div class=\"g-cols wpb_row via_grid cols_2 laptops-cols_inherit tablets-cols_inherit mobiles-cols_1 valign_top type_default stacking_default\"><div class=\"wpb_column vc_column_container\"><div class=\"vc_column-inner\"><div id=\"ultimate-heading-33469f70458e608b\" class=\"uvc-heading ult-adjust-bottom-margin ultimate-heading-33469f70458e608b uvc-3441 \" data-hspacer=\"line_only\"  data-halign=\"left\" style=\"text-align:left\"><div class=\"uvc-main-heading ult-responsive\"  data-ultimate-target='.uvc-heading.ultimate-heading-33469f70458e608b h1'  data-responsive-json-new='{\"font-size\":\"\",\"line-height\":\"\"}' ><h1 style=\"font-weight:normal;color:#ffffff;\">Vous accompagner pour surmonter la crise<\/h1><\/div><div class=\"uvc-heading-spacer line_only\" style=\"margin-top:15px;margin-bottom:15px;height:3px;\"><span class=\"uvc-headings-line\" style=\"border-style:solid;border-bottom-width:3px;border-color:#ffffff;width:200px;\"><\/span><\/div><div class=\"uvc-sub-heading ult-responsive\"  data-ultimate-target='.uvc-heading.ultimate-heading-33469f70458e608b .uvc-sub-heading '  data-responsive-json-new='{\"font-size\":\"\",\"line-height\":\"\"}'  style=\"font-weight:normal;color:#ffffff;\">\n<p class=\"p1\" style=\"text-align: justify;\"><span style=\"color: #ffffff;\">Valyans au service de la r\u00e9silience<br \/>\nde votre entreprise face \u00e0 la crise<\/span><\/p>\n<\/div><\/div><\/div><\/div><div class=\"wpb_column vc_column_container\"><div class=\"vc_column-inner\"><\/div><\/div><\/div><\/div><\/div><\/div><\/div><\/section><section class=\"l-section wpb_row height_medium\" id=\"digital\"><div class=\"l-section-h i-cf\"><div class=\"g-cols vc_row via_grid cols_1 laptops-cols_inherit tablets-cols_inherit mobiles-cols_1 valign_top type_default stacking_default\"><div class=\"wpb_column vc_column_container\"><div class=\"vc_column-inner\"><div class=\"wpb_text_column\"><div class=\"wpb_wrapper\"><h2 style=\"text-align: justify;\"><span style=\"color: #000080;\">Valyans propose une offre \u00ab Digitale \u00bb pour vous accompagner de mani\u00e8re pragmatique et cibl\u00e9e pendant cette crise<\/span><\/h2>\n<\/div><\/div><div class=\"ult-spacer spacer-69f70458e6a72\" data-id=\"69f70458e6a72\" data-height=\"40\" data-height-mobile=\"40\" data-height-tab=\"40\" data-height-tab-portrait=\"\" data-height-mobile-landscape=\"\" style=\"clear:both;display:block;\"><\/div><div class=\"g-cols wpb_row via_grid cols_3 laptops-cols_inherit tablets-cols_inherit mobiles-cols_1 valign_top type_default stacking_default\"><div class=\"wpb_column vc_column_container\"><div class=\"vc_column-overlay\" style=\"background:#112180\"><\/div><div class=\"vc_column-inner\"><div class=\"wpb_text_column\"><div class=\"wpb_wrapper\"><h4 style=\"text-align: center;\"><span style=\"color: #ffffff;\"><b>G\u00e9rer la crise<br \/>\n<\/b><\/span><\/h4>\n<\/div><\/div><div class=\"w-image align_none\"><div class=\"w-image-h\"><img loading=\"lazy\" decoding=\"async\" width=\"400\" height=\"200\" src=\"https:\/\/www.valyans.com\/wp-content\/uploads\/2020\/04\/fe-400x200.png\" class=\"attachment-us_400_200_crop size-us_400_200_crop\" alt=\"\" \/><\/div><\/div><div class=\"wpb_text_column\"><div class=\"wpb_wrapper\"><h4 style=\"text-align: center;\"><span style=\"color: #ffffff;\"><b>Contexte<\/b><\/span><\/h4>\n<p style=\"text-align: center;\"><span style=\"color: #ffffff;\"><i>L\u2019entreprise g\u00e8re la crise au Day to Day et met le n\u00e9cessaire pour assurer la s\u00e9curit\u00e9 de ses employ\u00e9s et sa survie<\/i><\/span><\/p>\n<\/div><\/div><\/div><\/div><div class=\"wpb_column vc_column_container\"><div class=\"vc_column-overlay\" style=\"background:#828282\"><\/div><div class=\"vc_column-inner\"><div class=\"wpb_text_column\"><div class=\"wpb_wrapper\"><h4 style=\"text-align: center;\"><span style=\"color: #ffffff;\"><b>S\u00e9curiser le retour<\/b><\/span><\/h4>\n<\/div><\/div><div class=\"w-image align_none\"><div class=\"w-image-h\"><img loading=\"lazy\" decoding=\"async\" width=\"400\" height=\"200\" src=\"https:\/\/www.valyans.com\/wp-content\/uploads\/2020\/04\/P-2-400x200.png\" class=\"attachment-us_400_200_crop size-us_400_200_crop\" alt=\"\" \/><\/div><\/div><div class=\"wpb_text_column\"><div class=\"wpb_wrapper\"><h4 style=\"text-align: center;\"><span style=\"color: #ffffff;\"><b>Contexte<\/b><\/span><\/h4>\n<p style=\"text-align: center;\"><span style=\"color: #ffffff;\"><i>L\u2019entreprise se dote des outils lui permettant de g\u00e9rer de mani\u00e8re agile une situation Business avec peu de visibilit\u00e9<\/i><\/span><\/p>\n<\/div><\/div><\/div><\/div><div class=\"wpb_column vc_column_container\"><div class=\"vc_column-overlay\" style=\"background:#999999\"><\/div><div class=\"vc_column-inner\"><div class=\"wpb_text_column\"><div class=\"wpb_wrapper\"><h4 style=\"text-align: center;\"><span style=\"color: #ffffff;\"><b>Capitaliser et se r\u00e9inventer<\/b><\/span><\/h4>\n<\/div><\/div><div class=\"w-image align_none\"><div class=\"w-image-h\"><img loading=\"lazy\" decoding=\"async\" width=\"400\" height=\"200\" src=\"https:\/\/www.valyans.com\/wp-content\/uploads\/2020\/04\/ge-400x200.png\" class=\"attachment-us_400_200_crop size-us_400_200_crop\" alt=\"\" \/><\/div><\/div><div class=\"wpb_text_column\"><div class=\"wpb_wrapper\"><h4 style=\"text-align: center;\"><span style=\"color: #ffffff;\"><b>Contexte<\/b><\/span><\/h4>\n<p style=\"text-align: center;\"><span style=\"color: #ffffff;\"><i>L\u2019entreprise capitalise sur les enseignements de la crise COVID. Elle s\u2019adapte \u00e0 une r\u00e9alit\u00e9 nouvelle et saisit les opportunit\u00e9s induites par la Disruption<\/i><\/span><\/p>\n<\/div><\/div><\/div><\/div><\/div><div class=\"g-cols wpb_row via_grid cols_3 laptops-cols_inherit tablets-cols_inherit mobiles-cols_1 valign_top type_default stacking_default\"><div class=\"wpb_column vc_column_container\"><div class=\"vc_column-overlay\" style=\"background:#112180\"><\/div><div class=\"vc_column-inner\"><div class=\"wpb_text_column\"><div class=\"wpb_wrapper\"><h4 style=\"text-align: center;\"><span style=\"color: #ffffff;\"><b>Notre proposition de valeur<\/b><\/span><\/h4>\n<p style=\"text-align: center;\"><span style=\"color: #ffffff;\">Concevoir des <b>solutions simples et <\/b><b>d\u00e9ployables<\/b><b> imm\u00e9diatement <\/b>pour soutenir les activit\u00e9s op\u00e9rationnelles et maintenir la relation client \u00e0 tr\u00e8s court terme (IVR, portail pour prise de commandes rapides, d\u00e9mat\u00e9rialisation des \u00e9changes simples)<\/span><\/p>\n<p style=\"text-align: center;\"><span style=\"color: #ffffff;\">Mettre en place les <b>outils digitaux pour supporter les activit\u00e9s de t\u00e9l\u00e9 travail <\/b>: VPN, Acc\u00e8s \u00e0 distance aux donn\u00e9es, outil de visio \/ Conf\u00e9rence call,\u00a0<\/span><\/p>\n<p style=\"text-align: center;\"><span style=\"color: #ffffff;\"><b>Soutenir la <\/b><b>War<\/b><b> Room avec les solutions digitales <\/b>pour faciliter <b>l\u2019acc\u00e8s aux donn\u00e9es, la communication et la prise de d\u00e9cision<\/b><\/span><\/p>\n<\/div><\/div><\/div><\/div><div class=\"wpb_column vc_column_container\"><div class=\"vc_column-overlay\" style=\"background:#828282\"><\/div><div class=\"vc_column-inner\"><div class=\"wpb_text_column\"><div class=\"wpb_wrapper\"><h4 style=\"text-align: center;\"><span style=\"color: #ffffff;\"><b>Notre proposition de valeur<\/b><\/span><\/h4>\n<p style=\"text-align: center;\"><span style=\"color: #ffffff;\"><b>Digitaliser et repenser les processus op\u00e9rationnels <\/b>en capitalisant notamment sur les <b>canaux clients et les solutions digitales<\/b> d\u00e9velopp\u00e9s pendant la crise<\/span><\/p>\n<p style=\"text-align: center;\"><span style=\"color: #ffffff;\">Designer et mettre en place les <b>initiatives digitales supportant une <\/b><b>supply<\/b><b> Chain plus agile<\/b> et assurant une meilleure visibilit\u00e9 et une planification int\u00e9gr\u00e9e\u00a0 (Demand planning , Stock,\u00a0 capacity planning)<\/span><\/p>\n<p style=\"text-align: center;\"><span style=\"color: #ffffff;\">Mettre en place les dispositions relatives \u00e0 la <b>s\u00e9curit\u00e9 des syst\u00e8mes et des donn\u00e9es pour pr\u00e9venir les risques de cybercriminalit\u00e9 encourus<\/b><\/span><\/p>\n<\/div><\/div><\/div><\/div><div class=\"wpb_column vc_column_container\"><div class=\"vc_column-overlay\" style=\"background:#999999\"><\/div><div class=\"vc_column-inner\"><div class=\"wpb_text_column\"><div class=\"wpb_wrapper\"><h4 style=\"text-align: center;\"><span style=\"color: #ffffff;\"><b>Notre proposition de valeur<\/b><\/span><\/h4>\n<p style=\"text-align: center;\"><span style=\"color: #ffffff;\"><b>Mettre \u00e0 jour la strat\u00e9gie digitale <\/b>de l\u2019entreprise pour int\u00e9grer les nouveaux enjeux, risques et opportunit\u00e9s mis en \u00e9vidence par la crise du <b>COVID -19<\/b><\/span><\/p>\n<p style=\"text-align: center;\"><span style=\"color: #ffffff;\">Re penser la <b>Business <\/b><b>Continuity<\/b> \u00e0 la lumi\u00e8re des enseignements de la crise COVID et d\u00e9finir les actions digitales \u00e0 mettre en \u0153uvre pour la supporter<\/span><\/p>\n<p style=\"text-align: center;\"><span style=\"color: #ffffff;\">Concevoir le nouveau <b>Workplace<\/b><b> Digital de l\u2019entreprise<\/b> : D\u00e9velopper une vraie alternative au Workplace physique, concevoir les outils n\u00e9cessaire \u00e0 l\u2019int\u00e9gration au sein et en dehors de l\u2019entreprise, au pilotage de la productivit\u00e9, \u00e0 une gestion humaine et efficace des collaborateurs<\/span><\/p>\n<\/div><\/div><\/div><\/div><\/div><\/div><\/div><\/div><\/div><\/section><section class=\"l-section wpb_row height_medium\"><div class=\"l-section-h i-cf\"><div class=\"g-cols vc_row via_grid cols_1 laptops-cols_inherit tablets-cols_inherit mobiles-cols_1 valign_top type_default stacking_default\"><div class=\"wpb_column vc_column_container\"><div class=\"vc_column-inner\"><div class=\"ult-spacer spacer-69f70458e90f6\" data-id=\"69f70458e90f6\" data-height=\"40\" data-height-mobile=\"40\" data-height-tab=\"40\" data-height-tab-portrait=\"\" data-height-mobile-landscape=\"\" style=\"clear:both;display:block;\"><\/div><div class=\"g-cols wpb_row via_grid cols_4 laptops-cols_inherit tablets-cols_inherit mobiles-cols_1 valign_top type_default stacking_default\"><div class=\"wpb_column vc_column_container\"><div class=\"vc_column-inner\"><div class=\"w-image align_none\"><a href=\"http:\/\/www.valyans.com\/nos-expertises\/vous-accompagner-surmonter-crise\/offre-data\/\" aria-label=\"Link\" class=\"w-image-h\"><img loading=\"lazy\" decoding=\"async\" width=\"290\" height=\"106\" src=\"https:\/\/www.valyans.com\/wp-content\/uploads\/2020\/04\/fe-290x106.png\" class=\"attachment-us_290_200 size-us_290_200\" alt=\"\" srcset=\"https:\/\/www.valyans.com\/wp-content\/uploads\/2020\/04\/fe-290x106.png 290w, https:\/\/www.valyans.com\/wp-content\/uploads\/2020\/04\/fe-300x110.png 300w, https:\/\/www.valyans.com\/wp-content\/uploads\/2020\/04\/fe.png 562w\" sizes=\"auto, (max-width: 290px) 100vw, 290px\" \/><\/a><\/div><div class=\"w-btn-wrapper align_center\"><a class=\"w-btn us-btn-style_1\" href=\"http:\/\/www.valyans.com\/nos-expertises\/vous-accompagner-surmonter-crise\/offre-data\/\"><span class=\"w-btn-label\">Offre Data<\/span><\/a><\/div><\/div><\/div><div class=\"wpb_column vc_column_container\"><div class=\"vc_column-inner\"><div class=\"w-image align_none\"><a href=\"http:\/\/www.valyans.com\/nos-expertises\/vous-accompagner-surmonter-crise\/offre-supply-chain\/\" aria-label=\"Link\" class=\"w-image-h\"><img loading=\"lazy\" decoding=\"async\" width=\"290\" height=\"107\" src=\"https:\/\/www.valyans.com\/wp-content\/uploads\/2020\/04\/D-1-290x107.png\" class=\"attachment-us_290_200 size-us_290_200\" alt=\"\" srcset=\"https:\/\/www.valyans.com\/wp-content\/uploads\/2020\/04\/D-1-290x107.png 290w, https:\/\/www.valyans.com\/wp-content\/uploads\/2020\/04\/D-1-300x111.png 300w, https:\/\/www.valyans.com\/wp-content\/uploads\/2020\/04\/D-1.png 564w\" sizes=\"auto, (max-width: 290px) 100vw, 290px\" \/><\/a><\/div><div class=\"w-btn-wrapper align_center\"><a class=\"w-btn us-btn-style_1\" href=\"http:\/\/www.valyans.com\/nos-expertises\/vous-accompagner-surmonter-crise\/offre-supply-chain\/\"><span class=\"w-btn-label\">Offre Supply Chain<\/span><\/a><\/div><\/div><\/div><div class=\"wpb_column vc_column_container\"><div class=\"vc_column-inner\"><div class=\"w-image align_none\"><a href=\"http:\/\/www.valyans.com\/nos-expertises\/vous-accompagner-surmonter-crise\/offre-finance\/\" aria-label=\"Link\" class=\"w-image-h\"><img loading=\"lazy\" decoding=\"async\" width=\"290\" height=\"109\" src=\"https:\/\/www.valyans.com\/wp-content\/uploads\/2020\/04\/T-290x109.png\" class=\"attachment-us_290_200 size-us_290_200\" alt=\"\" srcset=\"https:\/\/www.valyans.com\/wp-content\/uploads\/2020\/04\/T-290x109.png 290w, https:\/\/www.valyans.com\/wp-content\/uploads\/2020\/04\/T-300x113.png 300w, https:\/\/www.valyans.com\/wp-content\/uploads\/2020\/04\/T.png 562w\" sizes=\"auto, (max-width: 290px) 100vw, 290px\" \/><\/a><\/div><div class=\"w-btn-wrapper align_center\"><a class=\"w-btn us-btn-style_1\" href=\"http:\/\/www.valyans.com\/nos-expertises\/vous-accompagner-surmonter-crise\/offre-finance\/\"><span class=\"w-btn-label\">Offre Finance<\/span><\/a><\/div><\/div><\/div><div class=\"wpb_column vc_column_container\"><div class=\"vc_column-inner\"><div class=\"w-image align_none\"><a href=\"http:\/\/www.valyans.com\/nos-expertises\/vous-accompagner-surmonter-crise\/offre-marketing\/\" aria-label=\"Link\" class=\"w-image-h\"><img loading=\"lazy\" decoding=\"async\" width=\"290\" height=\"107\" src=\"https:\/\/www.valyans.com\/wp-content\/uploads\/2020\/04\/ge-290x107.png\" class=\"attachment-us_290_200 size-us_290_200\" alt=\"\" srcset=\"https:\/\/www.valyans.com\/wp-content\/uploads\/2020\/04\/ge-290x107.png 290w, https:\/\/www.valyans.com\/wp-content\/uploads\/2020\/04\/ge-300x111.png 300w, https:\/\/www.valyans.com\/wp-content\/uploads\/2020\/04\/ge.png 562w\" sizes=\"auto, (max-width: 290px) 100vw, 290px\" \/><\/a><\/div><div class=\"w-btn-wrapper align_center\"><a class=\"w-btn us-btn-style_1\" href=\"http:\/\/www.valyans.com\/nos-expertises\/vous-accompagner-surmonter-crise\/offre-marketing\/\"><span class=\"w-btn-label\">Offre Marketing<\/span><\/a><\/div><\/div><\/div><\/div><\/div><\/div><\/div><\/div><\/section>\n","protected":false},"excerpt":{"rendered":"Vous accompagner pour surmonter la crise Valyans au service de la r\u00e9silience de votre entreprise face \u00e0 la crise Valyans propose une offre \u00ab Digitale \u00bb pour vous accompagner de mani\u00e8re pragmatique et cibl\u00e9e pendant cette crise G\u00e9rer la crise Contexte L\u2019entreprise g\u00e8re la crise au Day to Day et met le n\u00e9cessaire pour assurer...","protected":false},"author":2,"featured_media":0,"parent":1414,"menu_order":0,"comment_status":"closed","ping_status":"closed","template":"","meta":{"footnotes":""},"class_list":["post-1517","page","type-page","status-publish","hentry"],"_links":{"self":[{"href":"https:\/\/www.valyans.com\/en\/wp-json\/wp\/v2\/pages\/1517","targetHints":{"allow":["GET"]}}],"collection":[{"href":"https:\/\/www.valyans.com\/en\/wp-json\/wp\/v2\/pages"}],"about":[{"href":"https:\/\/www.valyans.com\/en\/wp-json\/wp\/v2\/types\/page"}],"author":[{"embeddable":true,"href":"https:\/\/www.valyans.com\/en\/wp-json\/wp\/v2\/users\/2"}],"replies":[{"embeddable":true,"href":"https:\/\/www.valyans.com\/en\/wp-json\/wp\/v2\/comments?post=1517"}],"version-history":[{"count":5,"href":"https:\/\/www.valyans.com\/en\/wp-json\/wp\/v2\/pages\/1517\/revisions"}],"predecessor-version":[{"id":1813,"href":"https:\/\/www.valyans.com\/en\/wp-json\/wp\/v2\/pages\/1517\/revisions\/1813"}],"up":[{"embeddable":true,"href":"https:\/\/www.valyans.com\/en\/wp-json\/wp\/v2\/pages\/1414"}],"wp:attachment":[{"href":"https:\/\/www.valyans.com\/en\/wp-json\/wp\/v2\/media?parent=1517"}],"curies":[{"name":"wp","href":"https:\/\/api.w.org\/{rel}","templated":true}]}}