{"id":175,"date":"2019-07-11T11:37:32","date_gmt":"2019-07-11T09:37:32","guid":{"rendered":"http:\/\/www.valyans.com\/?page_id=175"},"modified":"2024-03-20T14:24:02","modified_gmt":"2024-03-20T13:24:02","slug":"a-propos-de-valyans","status":"publish","type":"page","link":"https:\/\/www.valyans.com\/en\/a-propos-de-valyans\/","title":{"rendered":"ABOUT VALYANS"},"content":{"rendered":"<section class=\"l-section wpb_row height_huge\"><div class=\"l-section-h i-cf\"><div class=\"g-cols vc_row via_grid cols_1 laptops-cols_inherit tablets-cols_inherit mobiles-cols_1 valign_top type_default stacking_default\"><div class=\"wpb_column vc_column_container\"><div class=\"vc_column-inner\"><div class=\"g-cols wpb_row via_grid cols_2 laptops-cols_inherit tablets-cols_inherit mobiles-cols_1 valign_top type_default stacking_default\"><div class=\"wpb_column vc_column_container\"><div class=\"vc_column-inner\"><div id=\"ultimate-heading-163169da29d82051f\" class=\"uvc-heading ult-adjust-bottom-margin ultimate-heading-163169da29d82051f uvc-8066 \" data-hspacer=\"line_only\"  data-halign=\"left\" style=\"text-align:left\"><div class=\"uvc-main-heading ult-responsive\"  data-ultimate-target='.uvc-heading.ultimate-heading-163169da29d82051f h1'  data-responsive-json-new='{\"font-size\":\"\",\"line-height\":\"\"}' ><h1 style=\"font-weight:normal;color:#ffffff;\">INSPIRER LE FUTUR, AGIR POUR LE CHANGEMENT<\/h1><\/div><div class=\"uvc-heading-spacer line_only\" style=\"margin-top:15px;margin-bottom:15px;height:3px;\"><span class=\"uvc-headings-line\" style=\"border-style:solid;border-bottom-width:3px;border-color:#ffffff;width:200px;\"><\/span><\/div><div class=\"uvc-sub-heading ult-responsive\"  data-ultimate-target='.uvc-heading.ultimate-heading-163169da29d82051f .uvc-sub-heading '  data-responsive-json-new='{\"font-size\":\"\",\"line-height\":\"\"}'  style=\"font-weight:normal;color:#ffffff;\">Vecteur d\u2019innovation sociale et acc\u00e9l\u00e9rateur de performances, valyans offre des solutions int\u00e9gr\u00e9es et des expertises multi-sectorielles.<\/div><\/div><\/div><\/div><div class=\"wpb_column vc_column_container\"><div class=\"vc_column-inner\"><\/div><\/div><\/div><\/div><\/div><\/div><\/div><\/section><section class=\"l-section wpb_row height_auto with_img\"><div class=\"l-section-img\" style=\"background-image: url(https:\/\/www.valyans.com\/wp-content\/uploads\/2019\/07\/valyans.svg);background-position: bottom left;background-repeat: no-repeat;background-size: auto;\" data-img-width=\"\" data-img-height=\"\"><\/div><div class=\"l-section-h i-cf\"><div class=\"g-cols vc_row via_grid cols_1 laptops-cols_inherit tablets-cols_inherit mobiles-cols_1 valign_top type_default stacking_default\"><div class=\"wpb_column vc_column_container\"><div class=\"vc_column-inner\"><div class=\"g-cols wpb_row via_grid cols_2 laptops-cols_inherit tablets-cols_inherit mobiles-cols_1 valign_middle type_default stacking_default\"><div class=\"wpb_column vc_column_container\"><div class=\"vc_column-inner\"><div class=\"wpb_text_column\"><div class=\"wpb_wrapper\"><h4>Leader du conseil au Maroc, Valyans propose une offre compl\u00e8te d\u2019accompagnement allant du Conseil Strat\u00e9gique \u00e0 l\u2019Intelligence Economique en passant par le Corporate Finance.<\/h4>\n<p>Cette offre s\u2019adresse aux dirigeants de grandes entreprises, d\u2019institutions publiques et d\u2019organisations \u00e0 but non lucratif, marocaines et internationales.<\/p>\n<p>Valyans agit au c\u0153ur des structures pour transformer les recommandations strat\u00e9giques en actions concr\u00e8tes. Les \u00e9quipes Valyans accompagnent leurs clients en favorisant le transfert de comp\u00e9tences de fa\u00e7on \u00e0 booster leurs performances et leur d\u00e9veloppement.<\/p>\n<\/div><\/div><\/div><\/div><div class=\"wpb_column vc_column_container us_custom_1e87637f\"><div class=\"vc_column-inner\"><div class=\"ult-spacer spacer-69da29d82124f\" data-id=\"69da29d82124f\" data-height=\"500\" data-height-mobile=\"500\" data-height-tab=\"500\" data-height-tab-portrait=\"\" data-height-mobile-landscape=\"\" style=\"clear:both;display:block;\"><\/div><\/div><\/div><\/div><div class=\"g-cols wpb_row via_grid cols_2 laptops-cols_inherit tablets-cols_inherit mobiles-cols_1 valign_middle type_default stacking_default\"><div class=\"wpb_column vc_column_container us_custom_9642d0d4\"><div class=\"vc_column-inner\"><div class=\"ult-spacer spacer-69da29d821453\" data-id=\"69da29d821453\" data-height=\"500\" data-height-mobile=\"500\" data-height-tab=\"500\" data-height-tab-portrait=\"\" data-height-mobile-landscape=\"\" style=\"clear:both;display:block;\"><\/div><\/div><\/div><div class=\"wpb_column vc_column_container us_custom_4d462656\"><div class=\"vc_column-inner\"><div class=\"wpb_text_column\"><div class=\"wpb_wrapper\"><p>L\u2019Afrique entre dans une nouvelle \u00e8re. En tant qu\u2019acteur \u00e9conomique africain, Valyans est directement impliqu\u00e9 dans cette puissante dynamique. Ce qui nous anime, c\u2019est de contribuer au d\u00e9veloppement du Continent avec des solutions innovantes et pragmatiques en r\u00e9ponse aux grands enjeux soci\u00e9taux.<\/p>\n<h4>Notre apport ?<\/h4>\n<p>Une vision holistique du fonctionnement d\u2019un pays \u00e9mergent, d\u00e9velopp\u00e9e gr\u00e2ce \u00e0 l\u2019exp\u00e9rience accumul\u00e9e sur la centaine de projets r\u00e9alis\u00e9s<br \/>\nUne parfaite connaissance du contexte local gr\u00e2ce \u00e0 notre action sur le terrain.<\/p>\n<\/div><\/div><\/div><\/div><\/div><\/div><\/div><\/div><\/div><\/section>\n","protected":false},"excerpt":{"rendered":"INSPIRER LE FUTUR, AGIR POUR LE CHANGEMENTVecteur d\u2019innovation sociale et acc\u00e9l\u00e9rateur de performances, valyans offre des solutions int\u00e9gr\u00e9es et des expertises multi-sectorielles.Leader du conseil au Maroc, Valyans propose une offre compl\u00e8te d\u2019accompagnement allant du Conseil Strat\u00e9gique \u00e0 l\u2019Intelligence Economique en passant par le Corporate Finance. Cette offre s\u2019adresse aux dirigeants de grandes entreprises, d\u2019institutions publiques...","protected":false},"author":1,"featured_media":0,"parent":0,"menu_order":0,"comment_status":"closed","ping_status":"closed","template":"","meta":{"footnotes":""},"class_list":["post-175","page","type-page","status-publish","hentry"],"_links":{"self":[{"href":"https:\/\/www.valyans.com\/en\/wp-json\/wp\/v2\/pages\/175","targetHints":{"allow":["GET"]}}],"collection":[{"href":"https:\/\/www.valyans.com\/en\/wp-json\/wp\/v2\/pages"}],"about":[{"href":"https:\/\/www.valyans.com\/en\/wp-json\/wp\/v2\/types\/page"}],"author":[{"embeddable":true,"href":"https:\/\/www.valyans.com\/en\/wp-json\/wp\/v2\/users\/1"}],"replies":[{"embeddable":true,"href":"https:\/\/www.valyans.com\/en\/wp-json\/wp\/v2\/comments?post=175"}],"version-history":[{"count":5,"href":"https:\/\/www.valyans.com\/en\/wp-json\/wp\/v2\/pages\/175\/revisions"}],"predecessor-version":[{"id":2461,"href":"https:\/\/www.valyans.com\/en\/wp-json\/wp\/v2\/pages\/175\/revisions\/2461"}],"wp:attachment":[{"href":"https:\/\/www.valyans.com\/en\/wp-json\/wp\/v2\/media?parent=175"}],"curies":[{"name":"wp","href":"https:\/\/api.w.org\/{rel}","templated":true}]}}